{"id":40,"date":"2025-03-20T08:02:58","date_gmt":"2025-03-20T08:02:58","guid":{"rendered":"http:\/\/localhost\/tan\/?page_id=40"},"modified":"2025-03-20T10:01:38","modified_gmt":"2025-03-20T10:01:38","slug":"elementor-40","status":"publish","type":"page","link":"https:\/\/nhatnguaoba.com\/","title":{"rendered":"Elementor #40"},"content":{"rendered":"\t\t<div data-elementor-type=\"wp-page\" data-elementor-id=\"40\" class=\"elementor elementor-40\">\n\t\t\t\t<div class=\"elementor-element elementor-element-47299aa e-flex e-con-boxed e-con e-parent\" data-id=\"47299aa\" data-element_type=\"container\">\n\t\t\t\t\t<div class=\"e-con-inner\">\n\t\t\t\t<div class=\"elementor-element elementor-element-fba7841 elementor-widget elementor-widget-shortcode\" data-id=\"fba7841\" data-element_type=\"widget\" data-widget_type=\"shortcode.default\">\n\t\t\t\t<div class=\"elementor-widget-container\">\n\t\t\t\t\t\t\t<div class=\"elementor-shortcode\"><\/div>\n\t\t\t\t\t\t<\/div>\n\t\t\t\t<\/div>\n\t\t\t\t\t<\/div>\n\t\t\t\t<\/div>\n\t\t<div class=\"elementor-element elementor-element-4382420 e-flex e-con-boxed e-con e-parent\" data-id=\"4382420\" data-element_type=\"container\">\n\t\t\t\t\t<div class=\"e-con-inner\">\n\t\t\t\t<div class=\"elementor-element elementor-element-a1ecaa0 elementor-widget elementor-widget-heading\" data-id=\"a1ecaa0\" data-element_type=\"widget\" data-widget_type=\"heading.default\">\n\t\t\t\t<div class=\"elementor-widget-container\">\n\t\t\t\t\t<h2 class=\"elementor-heading-title elementor-size-default\"><h2 style=\"clear: both; font-family: Roboto, sans-serif; font-size: 28px; font-weight: 600; text-transform: uppercase; color: var(--e-global-color-959cc23); font-style: normal; white-space-collapse: collapse;\">TRUY\u1ec0N TH\u00d4NG - B\u00c1O CH\u00cd N\u00d3I V\u1ec0 YOKO<span style=\"font-family: var( --e-global-typography-primary-font-family ), Sans-serif; font-size: 35px; font-style: inherit; font-weight: var( --e-global-typography-primary-font-weight ); text-transform: none; white-space-collapse: preserve; background-color: var(--base-3);\"><\/span><\/h2><\/h2>\t\t\t\t<\/div>\n\t\t\t\t<\/div>\n\t\t\t\t\t<\/div>\n\t\t\t\t<\/div>\n\t\t<div class=\"elementor-element elementor-element-7cc23b0 e-flex e-con-boxed e-con e-parent\" data-id=\"7cc23b0\" data-element_type=\"container\">\n\t\t\t\t\t<div class=\"e-con-inner\">\n\t\t\t\t<div class=\"elementor-element elementor-element-16baca8 elementor-widget elementor-widget-text-editor\" data-id=\"16baca8\" data-element_type=\"widget\" data-widget_type=\"text-editor.default\">\n\t\t\t\t<div class=\"elementor-widget-container\">\n\t\t\t\t\t\t\t\t\t<p><span style=\"color: #898989; font-size: 20px; text-align: center;\">&#8220;Trung t\u00e2m Du h\u1ecdc Nh\u1eadt B\u1ea3n uy t\u00edn \u0111\u00e3 \u0111\u01b0\u1ee3c ki\u1ec3m ch\u1ee9ng v\u1edbi h\u01a1n 6000 h\u1ecdc vi\u00ean qua g\u1ea7n 10 n\u0103m ho\u1ea1t \u0111\u1ed9ng&#8221;<\/span><\/p>\t\t\t\t\t\t\t\t<\/div>\n\t\t\t\t<\/div>\n\t\t\t\t\t<\/div>\n\t\t\t\t<\/div>\n\t\t<div class=\"elementor-element elementor-element-90c88df e-grid e-con-boxed e-con e-parent\" data-id=\"90c88df\" data-element_type=\"container\">\n\t\t\t\t\t<div class=\"e-con-inner\">\n\t\t\t\t<div class=\"elementor-element elementor-element-3775816 elementor-widget elementor-widget-image\" data-id=\"3775816\" data-element_type=\"widget\" data-widget_type=\"image.default\">\n\t\t\t\t<div class=\"elementor-widget-container\">\n\t\t\t\t\t\t\t\t\t\t\t\t\t\t\t<img decoding=\"async\" width=\"400\" height=\"100\" src=\"https:\/\/nhatnguaoba.com\/wp-content\/uploads\/2025\/03\/vtv1.png\" class=\"attachment-large size-large wp-image-58\" alt=\"\" srcset=\"https:\/\/nhatnguaoba.com\/wp-content\/uploads\/2025\/03\/vtv1.png 400w, https:\/\/nhatnguaoba.com\/wp-content\/uploads\/2025\/03\/vtv1-300x75.png 300w\" sizes=\"(max-width: 400px) 100vw, 400px\" \/>\t\t\t\t\t\t\t\t\t\t\t\t\t\t\t<\/div>\n\t\t\t\t<\/div>\n\t\t\t\t<div class=\"elementor-element elementor-element-0d835f5 elementor-widget elementor-widget-image\" data-id=\"0d835f5\" data-element_type=\"widget\" data-widget_type=\"image.default\">\n\t\t\t\t<div class=\"elementor-widget-container\">\n\t\t\t\t\t\t\t\t\t\t\t\t\t\t\t<img decoding=\"async\" width=\"400\" height=\"100\" src=\"https:\/\/nhatnguaoba.com\/wp-content\/uploads\/2025\/03\/vtv3.png\" class=\"attachment-large size-large wp-image-59\" alt=\"\" srcset=\"https:\/\/nhatnguaoba.com\/wp-content\/uploads\/2025\/03\/vtv3.png 400w, https:\/\/nhatnguaoba.com\/wp-content\/uploads\/2025\/03\/vtv3-300x75.png 300w\" sizes=\"(max-width: 400px) 100vw, 400px\" \/>\t\t\t\t\t\t\t\t\t\t\t\t\t\t\t<\/div>\n\t\t\t\t<\/div>\n\t\t\t\t<div class=\"elementor-element elementor-element-357ba19 elementor-widget elementor-widget-image\" data-id=\"357ba19\" data-element_type=\"widget\" data-widget_type=\"image.default\">\n\t\t\t\t<div class=\"elementor-widget-container\">\n\t\t\t\t\t\t\t\t\t\t\t\t\t\t\t<img decoding=\"async\" width=\"300\" height=\"75\" src=\"https:\/\/nhatnguaoba.com\/wp-content\/uploads\/2025\/03\/VTC-300x75-1.png\" class=\"attachment-large size-large wp-image-57\" alt=\"\" \/>\t\t\t\t\t\t\t\t\t\t\t\t\t\t\t<\/div>\n\t\t\t\t<\/div>\n\t\t\t\t<div class=\"elementor-element elementor-element-644719d elementor-widget elementor-widget-image\" data-id=\"644719d\" data-element_type=\"widget\" data-widget_type=\"image.default\">\n\t\t\t\t<div class=\"elementor-widget-container\">\n\t\t\t\t\t\t\t\t\t\t\t\t\t\t\t<img loading=\"lazy\" decoding=\"async\" width=\"300\" height=\"75\" src=\"https:\/\/nhatnguaoba.com\/wp-content\/uploads\/2025\/03\/VNExpress-300x75-1.png\" class=\"attachment-large size-large wp-image-56\" alt=\"\" \/>\t\t\t\t\t\t\t\t\t\t\t\t\t\t\t<\/div>\n\t\t\t\t<\/div>\n\t\t\t\t<div class=\"elementor-element elementor-element-817015b elementor-widget elementor-widget-image\" data-id=\"817015b\" data-element_type=\"widget\" data-widget_type=\"image.default\">\n\t\t\t\t<div class=\"elementor-widget-container\">\n\t\t\t\t\t\t\t\t\t\t\t\t\t\t\t<img loading=\"lazy\" decoding=\"async\" width=\"300\" height=\"75\" src=\"https:\/\/nhatnguaoba.com\/wp-content\/uploads\/2025\/03\/Dan-tri-300x75-1.png\" class=\"attachment-large size-large wp-image-55\" alt=\"\" \/>\t\t\t\t\t\t\t\t\t\t\t\t\t\t\t<\/div>\n\t\t\t\t<\/div>\n\t\t\t\t<div class=\"elementor-element elementor-element-6d73d09 elementor-widget elementor-widget-image\" data-id=\"6d73d09\" data-element_type=\"widget\" data-widget_type=\"image.default\">\n\t\t\t\t<div class=\"elementor-widget-container\">\n\t\t\t\t\t\t\t\t\t\t\t\t\t\t\t<img loading=\"lazy\" decoding=\"async\" width=\"300\" height=\"75\" src=\"https:\/\/nhatnguaoba.com\/wp-content\/uploads\/2025\/03\/Bao-nhat-300x75-1.png\" class=\"attachment-large size-large wp-image-54\" alt=\"\" \/>\t\t\t\t\t\t\t\t\t\t\t\t\t\t\t<\/div>\n\t\t\t\t<\/div>\n\t\t\t\t\t<\/div>\n\t\t\t\t<\/div>\n\t\t<div class=\"elementor-element elementor-element-5d46b24 e-grid e-con-boxed e-con e-parent\" data-id=\"5d46b24\" data-element_type=\"container\">\n\t\t\t\t\t<div class=\"e-con-inner\">\n\t\t\t\t<div class=\"elementor-element elementor-element-05ad878 elementor-widget elementor-widget-text-editor\" data-id=\"05ad878\" data-element_type=\"widget\" data-widget_type=\"text-editor.default\">\n\t\t\t\t<div class=\"elementor-widget-container\">\n\t\t\t\t\t\t\t\t\t<div>\n<div class=\"elementor-widget-container\">\n<h1 class=\"elementor-heading-title elementor-size-default\">\u0110\u00f4i n\u00e9t v\u1ec1\nTrung t\u00e2m Du h\u1ecdc Nh\u1eadt B\u1ea3n Yoko<\/h1>\n<\/div>\n<\/div>\n<div class=\"elementor-element elementor-element-ea4614a elementor-widget elementor-widget-heading\" data-id=\"ea4614a\" data-element_type=\"widget\" data-widget_type=\"heading.default\">\n<div class=\"elementor-widget-container\">\n<p class=\"elementor-heading-title elementor-size-default\">L\u1eddi ch\u00e0o t\u1eeb c\u00f4ng ty t\u01b0 v\u1ea5n du h\u1ecdc YOKO<\/p>\n\n<\/div>\n<\/div>\n<div class=\"elementor-element elementor-element-172de60 elementor-widget elementor-widget-text-editor\" data-id=\"172de60\" data-element_type=\"widget\" data-widget_type=\"text-editor.default\">\n<div class=\"elementor-widget-container\">\n\nTrung t\u00e2m Du h\u1ecdc Nh\u1eadt B\u1ea3n\u00a0 Yoko l\u00e0 \u0111\u01a1n v\u1ecb chuy\u00ean v\u1ec1 t\u01b0 v\u1ea5n Du h\u1ecdc Nh\u1eadt B\u1ea3n t\u1ea1i Vi\u1ec7t Nam. Trong su\u1ed1t h\u01a1n 10 n\u0103m ho\u1ea1t \u0111\u1ed9ng c\u1ee7a m\u00ecnh, Yoko lu\u00f4n l\u00e0 m\u1ed9t trong nh\u1eefng th\u01b0\u01a1ng hi\u1ec7u c\u00f3 uy t\u00edn nh\u1ea5t theo \u0111\u00e1nh gi\u00e1 c\u1ee7a Kh\u00e1ch h\u00e0ng v\u00e0 \u0110\u1ed1i t\u00e1c. Tr\u1ea3i qua qu\u00e3ng th\u1eddi gian 10 n\u0103m, hi\u1ec7n t\u1ea1i Yoko \u0111\u00e3 c\u00f3 h\u01a1n 7000 h\u1ecdc vi\u00ean du h\u1ecdc th\u00e0nh c\u00f4ng v\u00e0 \u0111an h\u1ecdc t\u1eadp, sinh s\u1ed1ng v\u00e0 l\u00e0m vi\u1ec7c t\u1ea1i Nh\u1eadt B\u1ea3n.\n\n<\/div>\n<\/div>\t\t\t\t\t\t\t\t<\/div>\n\t\t\t\t<\/div>\n\t\t\t\t<div class=\"elementor-element elementor-element-c20cdb3 elementor-widget elementor-widget-video\" data-id=\"c20cdb3\" data-element_type=\"widget\" data-settings=\"{&quot;youtube_url&quot;:&quot;https:\\\/\\\/youtu.be\\\/vaDNUBhdzI4&quot;,&quot;video_type&quot;:&quot;youtube&quot;,&quot;controls&quot;:&quot;yes&quot;}\" data-widget_type=\"video.default\">\n\t\t\t\t<div class=\"elementor-widget-container\">\n\t\t\t\t\t\t\t<div class=\"elementor-wrapper elementor-open-inline\">\n\t\t\t<div class=\"elementor-video\"><\/div>\t\t<\/div>\n\t\t\t\t\t\t<\/div>\n\t\t\t\t<\/div>\n\t\t\t\t\t<\/div>\n\t\t\t\t<\/div>\n\t\t<div class=\"elementor-element elementor-element-d8b19b2 e-flex e-con-boxed e-con e-parent\" data-id=\"d8b19b2\" data-element_type=\"container\">\n\t\t\t\t\t<div class=\"e-con-inner\">\n\t\t\t\t<div class=\"elementor-element elementor-element-6fd301d elementor-widget elementor-widget-text-editor\" data-id=\"6fd301d\" data-element_type=\"widget\" data-widget_type=\"text-editor.default\">\n\t\t\t\t<div class=\"elementor-widget-container\">\n\t\t\t\t\t\t\t\t\t<p><span style=\"color: rgb(0, 0, 0); font-size: 16px; text-align: justify;\">\u0110\u1ebfn v\u1edbi Trung t\u00e2m Yoko, c\u00e1c h\u1ecdc vi\u00ean s\u1ebd lu\u00f4n nh\u1eadn \u0111\u01b0\u1ee3c s\u1ef1 t\u01b0 v\u1ea5n nhi\u1ec7t t\u00ecnh, hi\u1ec7u qu\u1ea3 cho t\u1eebng tr\u01b0\u1eddng h\u1ee3p. Yoko c\u0169ng l\u00e0 \u0111\u01a1n v\u1ecb \u0111\u1ea7u ti\u00ean t\u1ea1i Vi\u1ec7t Nam cam k\u1ebft MI\u1ec4N 100% PH\u00cd T\u01af V\u1ea4N v\u00e0 PH\u00cd X\u1eec L\u00dd H\u1ed2 S\u01a0 cho h\u1ecdc vi\u00ean khi \u0111i du h\u1ecdc Nh\u1eadt B\u1ea3n. V\u1edbi T\u1ea6M NH\u00ccN, S\u1ee8 M\u1ec6NH, v\u00e0 b\u1ed9 GI\u00c1 TR\u1eca C\u1ed0T L\u00d5I \u0111\u01b0\u1ee3c \u0111\u1ecbnh h\u01b0\u1edbng r\u00f5 r\u00e0ng. Ch\u00fang t\u00f4i t\u1ef1 h\u00e0o mang t\u1edbi cho h\u1ecdc vi\u00ean s\u1ef1 h\u1ed7 tr\u1ee3 t\u1ed1t nh\u1ea5t, l\u00e0 ch\u1ed7 d\u1ef1a v\u1eefng ch\u1eafc cho nh\u1eefng b\u01b0\u1edbc ch\u00e2n \u0111\u1ea7u ti\u00ean h\u01b0\u1edbng t\u1edbi gi\u1ea5c m\u01a1 Du h\u1ecdc Nh\u1eadt B\u1ea3n c\u1ee7a h\u1ecdc vi\u00ean.<\/span><\/p>\t\t\t\t\t\t\t\t<\/div>\n\t\t\t\t<\/div>\n\t\t\t\t\t<\/div>\n\t\t\t\t<\/div>\n\t\t\t\t<\/div>\n\t\t","protected":false},"excerpt":{"rendered":"<p>TRUY\u1ec0N TH\u00d4NG &#8211; B\u00c1O CH\u00cd N\u00d3I V\u1ec0 YOKO &#8220;Trung t\u00e2m Du h\u1ecdc Nh\u1eadt B\u1ea3n uy t\u00edn \u0111\u00e3 \u0111\u01b0\u1ee3c ki\u1ec3m ch\u1ee9ng v\u1edbi h\u01a1n 6000 h\u1ecdc vi\u00ean qua g\u1ea7n 10 n\u0103m ho\u1ea1t \u0111\u1ed9ng&#8221; \u0110\u00f4i n\u00e9t v\u1ec1 Trung t\u00e2m Du h\u1ecdc Nh\u1eadt B\u1ea3n Yoko L\u1eddi ch\u00e0o t\u1eeb c\u00f4ng ty t\u01b0 v\u1ea5n du h\u1ecdc YOKO Trung t\u00e2m Du h\u1ecdc &#8230; <a title=\"Elementor #40\" class=\"read-more\" href=\"https:\/\/nhatnguaoba.com\/\" aria-label=\"Read more about Elementor #40\">Read more<\/a><\/p>\n","protected":false},"author":1,"featured_media":0,"parent":0,"menu_order":0,"comment_status":"closed","ping_status":"closed","template":"","meta":{"footnotes":""},"class_list":["post-40","page","type-page","status-publish"],"_links":{"self":[{"href":"https:\/\/nhatnguaoba.com\/index.php\/wp-json\/wp\/v2\/pages\/40","targetHints":{"allow":["GET"]}}],"collection":[{"href":"https:\/\/nhatnguaoba.com\/index.php\/wp-json\/wp\/v2\/pages"}],"about":[{"href":"https:\/\/nhatnguaoba.com\/index.php\/wp-json\/wp\/v2\/types\/page"}],"author":[{"embeddable":true,"href":"https:\/\/nhatnguaoba.com\/index.php\/wp-json\/wp\/v2\/users\/1"}],"replies":[{"embeddable":true,"href":"https:\/\/nhatnguaoba.com\/index.php\/wp-json\/wp\/v2\/comments?post=40"}],"version-history":[{"count":8,"href":"https:\/\/nhatnguaoba.com\/index.php\/wp-json\/wp\/v2\/pages\/40\/revisions"}],"predecessor-version":[{"id":64,"href":"https:\/\/nhatnguaoba.com\/index.php\/wp-json\/wp\/v2\/pages\/40\/revisions\/64"}],"wp:attachment":[{"href":"https:\/\/nhatnguaoba.com\/index.php\/wp-json\/wp\/v2\/media?parent=40"}],"curies":[{"name":"wp","href":"https:\/\/api.w.org\/{rel}","templated":true}]}}